{"id":6311,"date":"2024-05-08T16:07:22","date_gmt":"2024-05-08T14:07:22","guid":{"rendered":"https:\/\/sporthotel-semmering.at\/odtlacok\/"},"modified":"2025-02-14T15:48:30","modified_gmt":"2025-02-14T14:48:30","slug":"odtlacok","status":"publish","type":"page","link":"https:\/\/sporthotel-semmering.at\/sk\/odtlacok\/","title":{"rendered":"IMPRINT"},"content":{"rendered":"<div class=\"fusion-fullwidth fullwidth-box fusion-builder-row-1 fusion-flex-container has-pattern-background has-mask-background nonhundred-percent-fullwidth non-hundred-percent-height-scrolling\" style=\"--awb-border-radius-top-left:0px;--awb-border-radius-top-right:0px;--awb-border-radius-bottom-right:0px;--awb-border-radius-bottom-left:0px;--awb-margin-top:40px;--awb-margin-bottom:40px;--awb-flex-wrap:wrap;\" ><div class=\"fusion-builder-row fusion-row fusion-flex-align-items-flex-start fusion-flex-content-wrap\" style=\"max-width:1216.8px;margin-left: calc(-4% \/ 2 );margin-right: calc(-4% \/ 2 );\"><div class=\"fusion-layout-column fusion_builder_column fusion-builder-column-0 fusion_builder_column_1_1 1_1 fusion-flex-column\" style=\"--awb-bg-size:cover;--awb-width-large:100%;--awb-margin-top-large:0px;--awb-spacing-right-large:1.92%;--awb-margin-bottom-large:0px;--awb-spacing-left-large:1.92%;--awb-width-medium:100%;--awb-spacing-right-medium:1.92%;--awb-spacing-left-medium:1.92%;--awb-width-small:100%;--awb-spacing-right-small:1.92%;--awb-spacing-left-small:1.92%;\"><div class=\"fusion-column-wrapper fusion-flex-justify-content-flex-start fusion-content-layout-column\"><div class=\"fusion-text fusion-text-1\" style=\"--awb-content-alignment:justify;\"><p>Zodpovednos\u0165 za obsah t\u00fdchto str\u00e1nok: Sporthotel am Semmering<\/p>\n<p>N\u00e1zov spolo\u010dnosti: Sporthotel am Semmering Betriebs GmbH Adresa: Carolusstra\u00dfe 10, 2680 Semmering<\/p>\n<p>Tel: <a class=\"tel\" href=\"tel:0043266486410\">+43 2664 86 41 0<\/a> Mail:<a href=\"mailto:office@sporthotel-semmering.at\">office@sporthotel-semmering.at<\/a> Web:<a href=\"http:\/\/www.sporthotel-semmering.at\">sporthotel-semmering.at<\/a><\/p>\n<p>Predmet \u010dinnosti spolo\u010dnosti: Spr\u00e1va hotela<\/p>\n<p>UID: ATU74968289 \u010c\u00edslo v obchodnom registri: FN 524377v Org\u00e1n pod\u013ea ECG: Okresn\u00fd s\u00fad Neunkirchen \u010clen:<br \/>WKN\u00d6 \u017divnostensk\u00fd poriadok:<a href=\"https:\/\/www.wko.at\/service\/wirtschaftsrecht-gewerberecht\/gewerbeordnungsnovelle-2017.html\" target=\"_blank\" rel=\"noopener\">WKN\u00d6<\/a> <\/p>\n<hr>\n<p><strong>Zrieknutie sa zodpovednosti<\/strong><\/p>\n<p><strong>1. obsah online ponuky<\/strong><\/p>\n<p>Autor nenesie \u017eiadnu zodpovednos\u0165 za aktu\u00e1lnos\u0165, spr\u00e1vnos\u0165, \u00faplnos\u0165 a kvalitu poskytnut\u00fdch inform\u00e1ci\u00ed. N\u00e1roky na zodpovednos\u0165 vo\u010di autorovi t\u00fdkaj\u00face sa materi\u00e1lnych alebo nemateri\u00e1lnych \u0161k\u00f4d sp\u00f4soben\u00fdch pou\u017eit\u00edm alebo nepou\u017eit\u00edm poskytnut\u00fdch inform\u00e1ci\u00ed alebo pou\u017eit\u00edm nespr\u00e1vnych alebo ne\u00fapln\u00fdch inform\u00e1ci\u00ed s\u00fa z\u00e1sadne vyl\u00fa\u010den\u00e9, pokia\u013e sa nepreuk\u00e1\u017ee \u00famysel alebo hrub\u00e1 nedbanlivos\u0165 autora. V\u0161etky ponuky podliehaj\u00fa zmen\u00e1m a nie s\u00fa z\u00e1v\u00e4zn\u00e9. Autor si v\u00fdslovne vyhradzuje pr\u00e1vo zmeni\u0165, doplni\u0165 alebo vymaza\u0165 \u010dasti str\u00e1nok alebo cel\u00fa ponuku bez predch\u00e1dzaj\u00faceho upozornenia alebo do\u010dasne alebo trvalo ukon\u010di\u0165 jej zverej\u0148ovanie.   <\/p>\n<p><strong>2. odkazy a prepojenia<\/strong><\/p>\n<p>V pr\u00edpade priamych alebo nepriamych odkazov na extern\u00e9 webov\u00e9 str\u00e1nky (&#8222;hypertextov\u00e9 odkazy&#8220;), ktor\u00e9 le\u017eia mimo oblasti zodpovednosti autora, by povinnos\u0165 nies\u0165 zodpovednos\u0165 nastala len v pr\u00edpade, \u017ee by si bol autor vedom\u00fd obsahu a bolo by pre neho technicky mo\u017en\u00e9 a primeran\u00e9 zabr\u00e1ni\u0165 pou\u017e\u00edvaniu v pr\u00edpade nez\u00e1konn\u00e9ho obsahu.<\/p>\n<p>Autor t\u00fdmto v\u00fdslovne vyhlasuje, \u017ee v \u010dase vytvorenia odkazov nebol na odkazovan\u00fdch str\u00e1nkach rozpoznate\u013en\u00fd \u017eiadny nez\u00e1konn\u00fd obsah. Autor nem\u00e1 \u017eiadny vplyv na s\u00fa\u010dasn\u00fd a bud\u00faci dizajn, obsah alebo autorstvo odkazovan\u00fdch str\u00e1nok. Autor sa preto v\u00fdslovne di\u0161tancuje od v\u0161etk\u00fdch obsahov v\u0161etk\u00fdch odkazovan\u00fdch str\u00e1nok, ktor\u00e9 boli zmenen\u00e9 po vytvoren\u00ed odkazu. Toto vyhl\u00e1senie sa vz\u0165ahuje na v\u0161etky odkazy a referencie nastaven\u00e9 v r\u00e1mci vlastnej webovej str\u00e1nky autora, ako aj na z\u00e1znamy tret\u00edch str\u00e1n v knih\u00e1ch host\u00ed, diskusn\u00fdch f\u00f3rach, zoznamoch odkazov, po\u0161tov\u00fdch zoznamoch a v\u0161etk\u00fdch ostatn\u00fdch form\u00e1ch datab\u00e1z zriaden\u00fdch autorom, ku ktor\u00fdch obsahu je mo\u017en\u00fd extern\u00fd pr\u00edstup na z\u00e1pis. Zodpovednos\u0165 za nez\u00e1konn\u00fd, nespr\u00e1vny alebo ne\u00fapln\u00fd obsah a najm\u00e4 za \u0161kody vypl\u00fdvaj\u00face z pou\u017eitia alebo nepou\u017eitia tak\u00fdchto inform\u00e1ci\u00ed nesie v\u00fdlu\u010dne poskytovate\u013e str\u00e1nky, na ktor\u00fa sa odkazuje, a nie osoba, ktor\u00e1 na pr\u00edslu\u0161n\u00fa publik\u00e1ciu iba odkazuje prostredn\u00edctvom odkazov.    <\/p>\n<p><strong>3. autorsk\u00e9 pr\u00e1vo a pr\u00e1vo ozna\u010dovania<\/strong><\/p>\n<p>Autor sa sna\u017e\u00ed dodr\u017eiava\u0165 autorsk\u00e9 pr\u00e1va na obr\u00e1zky, grafiku, zvukov\u00e9 dokumenty, videosekvencie a texty pou\u017eit\u00e9 vo v\u0161etk\u00fdch publik\u00e1ci\u00e1ch, pou\u017e\u00edva\u0165 obr\u00e1zky, grafiku, zvukov\u00e9 dokumenty, videosekvencie a texty, ktor\u00e9 s\u00e1m vytvoril, alebo pou\u017e\u00edva\u0165 grafiku, zvukov\u00e9 dokumenty, videosekvencie a texty bez licencie.<\/p>\n<p>V\u0161etky n\u00e1zvy zna\u010diek a ochrann\u00fdch zn\u00e1mok uveden\u00e9 na webovej str\u00e1nke a pr\u00edpadne chr\u00e1nen\u00e9 tret\u00edmi stranami podliehaj\u00fa bez obmedzenia ustanoveniam platn\u00e9ho z\u00e1kona o ochrann\u00fdch zn\u00e1mkach a vlastn\u00edckym pr\u00e1vam pr\u00edslu\u0161n\u00fdch registrovan\u00fdch vlastn\u00edkov. Samotn\u00e1 zmienka o ochrannej zn\u00e1mke neznamen\u00e1, \u017ee nie je chr\u00e1nen\u00e1 pr\u00e1vami tret\u00edch str\u00e1n! <\/p>\n<p>Autorsk\u00e9 pr\u00e1va na publikovan\u00e9 objekty vytvoren\u00e9 samotn\u00fdm autorom zost\u00e1vaj\u00fa v\u00fdlu\u010dne autorovi str\u00e1nok. Ak\u00e9ko\u013evek kop\u00edrovanie alebo pou\u017eitie objektov, ako s\u00fa sch\u00e9my, zvuky alebo texty, v in\u00fdch elektronick\u00fdch alebo tla\u010den\u00fdch publik\u00e1ci\u00e1ch nie je povolen\u00e9 bez s\u00fahlasu autora. Ak by niektor\u00e9 prvky mojej domovskej str\u00e1nky poru\u0161ovali autorsk\u00e9 pr\u00e1va alebo ur\u00e1\u017eali ak\u00fako\u013evek osobu, pros\u00edm, okam\u017eite ma o tom informujte, aby mohol by\u0165 pr\u00edslu\u0161n\u00fd prvok odstr\u00e1nen\u00fd. Ka\u017ed\u00fd, kto podnikne pr\u00e1vne kroky bez ozn\u00e1menia, kon\u00e1 vo\u010di mne protipr\u00e1vne (zneu\u017eitie pr\u00e1v).   <\/p>\n<p><strong>4. ochrana \u00fadajov<\/strong><\/p>\n<p>Ak je poskytnut\u00e1 mo\u017enos\u0165 zad\u00e1va\u0165 osobn\u00e9 alebo obchodn\u00e9 \u00fadaje (e-mailov\u00e9 adresy, meno, adresy), zad\u00e1vanie t\u00fdchto \u00fadajov sa uskuto\u010d\u0148uje dobrovo\u013ene. Vyu\u017e\u00edvanie a platenie v\u0161etk\u00fdch pon\u00fakan\u00fdch slu\u017eieb je &#8211; pokia\u013e je to technicky mo\u017en\u00e9 a primeran\u00e9 &#8211; povolen\u00e9 aj bez poskytnutia tak\u00fdchto \u00fadajov alebo poskytnut\u00edm anonymizovan\u00fdch \u00fadajov alebo pseudonymu. Pou\u017e\u00edvanie kontaktn\u00fdch \u00fadajov, ako s\u00fa po\u0161tov\u00e9 adresy, telef\u00f3nne a faxov\u00e9 \u010d\u00edsla a e-mailov\u00e9 adresy uverejnen\u00e9 v tir\u00e1\u017ei alebo porovnate\u013en\u00e9 inform\u00e1cie tret\u00edch str\u00e1n na \u00fa\u010dely zasielania inform\u00e1ci\u00ed, ktor\u00e9 neboli v\u00fdslovne po\u017eadovan\u00e9, nie je povolen\u00e9. V pr\u00edpade poru\u0161enia tohto z\u00e1kazu si v\u00fdslovne vyhradzujeme pr\u00e1vo podnikn\u00fa\u0165 pr\u00e1vne kroky proti odosielate\u013eom tzv. spamov\u00fdch e-mailov.   <\/p>\n<p><strong>5 Pr\u00e1vna platnos\u0165 tohto vyhl\u00e1senia o odmietnut\u00ed zodpovednosti<\/strong><\/p>\n<p>Toto vyhl\u00e1senie o odmietnut\u00ed zodpovednosti sa pova\u017euje za s\u00fa\u010das\u0165 internetovej publik\u00e1cie, z ktorej ste boli odk\u00e1zan\u00ed. Ak \u010dasti alebo jednotliv\u00e9 podmienky tohto vyhl\u00e1senia nie s\u00fa v s\u00falade so z\u00e1konom alebo spr\u00e1vne, obsah alebo platnos\u0165 ostatn\u00fdch \u010dast\u00ed zost\u00e1va touto skuto\u010dnos\u0165ou neovplyvnen\u00e1. <\/p>\n<p><strong>Rie\u0161enie sporov v E\u00da:<\/strong><\/p>\n<p>Inform\u00e1cie o rie\u0161en\u00ed sporov online: Spotrebitelia maj\u00fa mo\u017enos\u0165 pod\u00e1va\u0165 s\u0165a\u017enosti na platforme E\u00da pre rie\u0161enie sporov online: <a href=\"https:\/\/ec.europa.eu\/consumers\/odr\/main\/index.cfm?event=main.home2.show&amp;lng=DE\" target=\"_blank\" rel=\"noopener\">https:\/\/ec.europa.eu\/consumers\/odr\/main\/index.cfm?event=main.home2.show&amp;lng=DE<\/a>. Ak\u00e9ko\u013evek s\u0165a\u017enosti m\u00f4\u017eete posiela\u0165 aj na vy\u0161\u0161ie uveden\u00fa e-mailov\u00fa adresu. <\/p>\n<\/div><\/div><\/div><\/div><\/div>\n","protected":false},"excerpt":{"rendered":"","protected":false},"author":1,"featured_media":0,"parent":0,"menu_order":0,"comment_status":"closed","ping_status":"closed","template":"","meta":{"footnotes":""},"class_list":["post-6311","page","type-page","status-publish","hentry"],"rankMath":{"parentDomain":"sporthotel-semmering.at","noFollowDomains":[],"noFollowExcludeDomains":[],"noFollowExternalLinks":0,"featuredImageNotice":"The featured image should be at least 200 by 200 pixels to be picked up by Facebook and other social media sites.","pluginReviewed":false,"postSettings":{"linkSuggestions":true,"useFocusKeyword":false},"frontEndScore":false,"postName":"odtlacok","permalinkFormat":"https:\/\/sporthotel-semmering.at\/sk\/%pagename%\/","showLockModifiedDate":true,"assessor":{"focusKeywordLink":"https:\/\/sporthotel-semmering.at\/wp-admin\/edit.php?focus_keyword=%focus_keyword%&post_type=%post_type%","hasTOCPlugin":false,"primaryTaxonomy":false,"serpData":{"title":"Odtla\u010dok | Sporthotel am Semmering","description":"Tu n\u00e1jdete odtla\u010dok Sporthotel am Semmering. V pr\u00edpade ak\u00fdchko\u013evek ot\u00e1zok n\u00e1s nev\u00e1hajte kontaktova\u0165 telefonicky alebo p\u00edsomne. ","focusKeywords":"","pillarContent":false,"canonicalUrl":"","breadcrumbTitle":"","advancedRobots":{"max-snippet":"-1","max-video-preview":"-1","max-image-preview":"large"},"facebookTitle":"","facebookDescription":"","facebookImage":"","facebookImageID":"","facebookHasOverlay":false,"facebookImageOverlay":"","facebookAuthor":"","twitterCardType":"","twitterUseFacebook":true,"twitterTitle":"","twitterDescription":"","twitterImage":"","twitterImageID":"","twitterHasOverlay":false,"twitterImageOverlay":"","twitterPlayerUrl":"","twitterPlayerSize":"","twitterPlayerStream":"","twitterPlayerStreamCtype":"","twitterAppDescription":"","twitterAppIphoneName":"","twitterAppIphoneID":"","twitterAppIphoneUrl":"","twitterAppIpadName":"","twitterAppIpadID":"","twitterAppIpadUrl":"","twitterAppGoogleplayName":"","twitterAppGoogleplayID":"","twitterAppGoogleplayUrl":"","twitterAppCountry":"","robots":{"index":true},"twitterAuthor":"username","primaryTerm":0,"authorName":"admin","titleTemplate":"%title% %sep% %sitename%","descriptionTemplate":"%excerpt%","showScoreFrontend":true,"lockModifiedDate":false},"powerWords":[],"diacritics":{"A":"[\\u0041\\u24B6\\uFF21\\u00C0\\u00C1\\u00C2\\u1EA6\\u1EA4\\u1EAA\\u1EA8\\u00C3\\u0100\\u0102\\u1EB0\\u1EAE\\u1EB4\\u1EB2\\u0226\\u01E0\\u00C4\\u01DE\\u1EA2\\u00C5\\u01FA\\u01CD\\u0200\\u0202\\u1EA0\\u1EAC\\u1EB6\\u1E00\\u0104\\u023A\\u2C6F]","AA":"[\\uA732]","AE":"[\\u00C6\\u01FC\\u01E2]","AO":"[\\uA734]","AU":"[\\uA736]","AV":"[\\uA738\\uA73A]","AY":"[\\uA73C]","B":"[\\u0042\\u24B7\\uFF22\\u1E02\\u1E04\\u1E06\\u0243\\u0182\\u0181]","C":"[\\u0043\\u24B8\\uFF23\\u0106\\u0108\\u010A\\u010C\\u00C7\\u1E08\\u0187\\u023B\\uA73E]","D":"[\\u0044\\u24B9\\uFF24\\u1E0A\\u010E\\u1E0C\\u1E10\\u1E12\\u1E0E\\u0110\\u018B\\u018A\\u0189\\uA779]","DZ":"[\\u01F1\\u01C4]","Dz":"[\\u01F2\\u01C5]","E":"[\\u0045\\u24BA\\uFF25\\u00C8\\u00C9\\u00CA\\u1EC0\\u1EBE\\u1EC4\\u1EC2\\u1EBC\\u0112\\u1E14\\u1E16\\u0114\\u0116\\u00CB\\u1EBA\\u011A\\u0204\\u0206\\u1EB8\\u1EC6\\u0228\\u1E1C\\u0118\\u1E18\\u1E1A\\u0190\\u018E]","F":"[\\u0046\\u24BB\\uFF26\\u1E1E\\u0191\\uA77B]","G":"[\\u0047\\u24BC\\uFF27\\u01F4\\u011C\\u1E20\\u011E\\u0120\\u01E6\\u0122\\u01E4\\u0193\\uA7A0\\uA77D\\uA77E]","H":"[\\u0048\\u24BD\\uFF28\\u0124\\u1E22\\u1E26\\u021E\\u1E24\\u1E28\\u1E2A\\u0126\\u2C67\\u2C75\\uA78D]","I":"[\\u0049\\u24BE\\uFF29\\u00CC\\u00CD\\u00CE\\u0128\\u012A\\u012C\\u0130\\u00CF\\u1E2E\\u1EC8\\u01CF\\u0208\\u020A\\u1ECA\\u012E\\u1E2C\\u0197]","J":"[\\u004A\\u24BF\\uFF2A\\u0134\\u0248]","K":"[\\u004B\\u24C0\\uFF2B\\u1E30\\u01E8\\u1E32\\u0136\\u1E34\\u0198\\u2C69\\uA740\\uA742\\uA744\\uA7A2]","L":"[\\u004C\\u24C1\\uFF2C\\u013F\\u0139\\u013D\\u1E36\\u1E38\\u013B\\u1E3C\\u1E3A\\u0141\\u023D\\u2C62\\u2C60\\uA748\\uA746\\uA780]","LJ":"[\\u01C7]","Lj":"[\\u01C8]","M":"[\\u004D\\u24C2\\uFF2D\\u1E3E\\u1E40\\u1E42\\u2C6E\\u019C]","N":"[\\u004E\\u24C3\\uFF2E\\u01F8\\u0143\\u00D1\\u1E44\\u0147\\u1E46\\u0145\\u1E4A\\u1E48\\u0220\\u019D\\uA790\\uA7A4]","NJ":"[\\u01CA]","Nj":"[\\u01CB]","O":"[\\u004F\\u24C4\\uFF2F\\u00D2\\u00D3\\u00D4\\u1ED2\\u1ED0\\u1ED6\\u1ED4\\u00D5\\u1E4C\\u022C\\u1E4E\\u014C\\u1E50\\u1E52\\u014E\\u022E\\u0230\\u00D6\\u022A\\u1ECE\\u0150\\u01D1\\u020C\\u020E\\u01A0\\u1EDC\\u1EDA\\u1EE0\\u1EDE\\u1EE2\\u1ECC\\u1ED8\\u01EA\\u01EC\\u00D8\\u01FE\\u0186\\u019F\\uA74A\\uA74C]","OI":"[\\u01A2]","OO":"[\\uA74E]","OU":"[\\u0222]","P":"[\\u0050\\u24C5\\uFF30\\u1E54\\u1E56\\u01A4\\u2C63\\uA750\\uA752\\uA754]","Q":"[\\u0051\\u24C6\\uFF31\\uA756\\uA758\\u024A]","R":"[\\u0052\\u24C7\\uFF32\\u0154\\u1E58\\u0158\\u0210\\u0212\\u1E5A\\u1E5C\\u0156\\u1E5E\\u024C\\u2C64\\uA75A\\uA7A6\\uA782]","S":"[\\u0053\\u24C8\\uFF33\\u1E9E\\u015A\\u1E64\\u015C\\u1E60\\u0160\\u1E66\\u1E62\\u1E68\\u0218\\u015E\\u2C7E\\uA7A8\\uA784]","T":"[\\u0054\\u24C9\\uFF34\\u1E6A\\u0164\\u1E6C\\u021A\\u0162\\u1E70\\u1E6E\\u0166\\u01AC\\u01AE\\u023E\\uA786]","TZ":"[\\uA728]","U":"[\\u0055\\u24CA\\uFF35\\u00D9\\u00DA\\u00DB\\u0168\\u1E78\\u016A\\u1E7A\\u016C\\u00DC\\u01DB\\u01D7\\u01D5\\u01D9\\u1EE6\\u016E\\u0170\\u01D3\\u0214\\u0216\\u01AF\\u1EEA\\u1EE8\\u1EEE\\u1EEC\\u1EF0\\u1EE4\\u1E72\\u0172\\u1E76\\u1E74\\u0244]","V":"[\\u0056\\u24CB\\uFF36\\u1E7C\\u1E7E\\u01B2\\uA75E\\u0245]","VY":"[\\uA760]","W":"[\\u0057\\u24CC\\uFF37\\u1E80\\u1E82\\u0174\\u1E86\\u1E84\\u1E88\\u2C72]","X":"[\\u0058\\u24CD\\uFF38\\u1E8A\\u1E8C]","Y":"[\\u0059\\u24CE\\uFF39\\u1EF2\\u00DD\\u0176\\u1EF8\\u0232\\u1E8E\\u0178\\u1EF6\\u1EF4\\u01B3\\u024E\\u1EFE]","Z":"[\\u005A\\u24CF\\uFF3A\\u0179\\u1E90\\u017B\\u017D\\u1E92\\u1E94\\u01B5\\u0224\\u2C7F\\u2C6B\\uA762]","a":"[\\u0061\\u24D0\\uFF41\\u1E9A\\u00E0\\u00E1\\u00E2\\u1EA7\\u1EA5\\u1EAB\\u1EA9\\u00E3\\u0101\\u0103\\u1EB1\\u1EAF\\u1EB5\\u1EB3\\u0227\\u01E1\\u00E4\\u01DF\\u1EA3\\u00E5\\u01FB\\u01CE\\u0201\\u0203\\u1EA1\\u1EAD\\u1EB7\\u1E01\\u0105\\u2C65\\u0250]","aa":"[\\uA733]","ae":"[\\u00E6\\u01FD\\u01E3]","ao":"[\\uA735]","au":"[\\uA737]","av":"[\\uA739\\uA73B]","ay":"[\\uA73D]","b":"[\\u0062\\u24D1\\uFF42\\u1E03\\u1E05\\u1E07\\u0180\\u0183\\u0253]","c":"[\\u0063\\u24D2\\uFF43\\u0107\\u0109\\u010B\\u010D\\u00E7\\u1E09\\u0188\\u023C\\uA73F\\u2184]","d":"[\\u0064\\u24D3\\uFF44\\u1E0B\\u010F\\u1E0D\\u1E11\\u1E13\\u1E0F\\u0111\\u018C\\u0256\\u0257\\uA77A]","dz":"[\\u01F3\\u01C6]","e":"[\\u0065\\u24D4\\uFF45\\u00E8\\u00E9\\u00EA\\u1EC1\\u1EBF\\u1EC5\\u1EC3\\u1EBD\\u0113\\u1E15\\u1E17\\u0115\\u0117\\u00EB\\u1EBB\\u011B\\u0205\\u0207\\u1EB9\\u1EC7\\u0229\\u1E1D\\u0119\\u1E19\\u1E1B\\u0247\\u025B\\u01DD]","f":"[\\u0066\\u24D5\\uFF46\\u1E1F\\u0192\\uA77C]","g":"[\\u0067\\u24D6\\uFF47\\u01F5\\u011D\\u1E21\\u011F\\u0121\\u01E7\\u0123\\u01E5\\u0260\\uA7A1\\u1D79\\uA77F]","h":"[\\u0068\\u24D7\\uFF48\\u0125\\u1E23\\u1E27\\u021F\\u1E25\\u1E29\\u1E2B\\u1E96\\u0127\\u2C68\\u2C76\\u0265]","hv":"[\\u0195]","i":"[\\u0069\\u24D8\\uFF49\\u00EC\\u00ED\\u00EE\\u0129\\u012B\\u012D\\u00EF\\u1E2F\\u1EC9\\u01D0\\u0209\\u020B\\u1ECB\\u012F\\u1E2D\\u0268\\u0131]","j":"[\\u006A\\u24D9\\uFF4A\\u0135\\u01F0\\u0249]","k":"[\\u006B\\u24DA\\uFF4B\\u1E31\\u01E9\\u1E33\\u0137\\u1E35\\u0199\\u2C6A\\uA741\\uA743\\uA745\\uA7A3]","l":"[\\u006C\\u24DB\\uFF4C\\u0140\\u013A\\u013E\\u1E37\\u1E39\\u013C\\u1E3D\\u1E3B\\u017F\\u0142\\u019A\\u026B\\u2C61\\uA749\\uA781\\uA747]","lj":"[\\u01C9]","m":"[\\u006D\\u24DC\\uFF4D\\u1E3F\\u1E41\\u1E43\\u0271\\u026F]","n":"[\\u006E\\u24DD\\uFF4E\\u01F9\\u0144\\u00F1\\u1E45\\u0148\\u1E47\\u0146\\u1E4B\\u1E49\\u019E\\u0272\\u0149\\uA791\\uA7A5]","nj":"[\\u01CC]","o":"[\\u006F\\u24DE\\uFF4F\\u00F2\\u00F3\\u00F4\\u1ED3\\u1ED1\\u1ED7\\u1ED5\\u00F5\\u1E4D\\u022D\\u1E4F\\u014D\\u1E51\\u1E53\\u014F\\u022F\\u0231\\u00F6\\u022B\\u1ECF\\u0151\\u01D2\\u020D\\u020F\\u01A1\\u1EDD\\u1EDB\\u1EE1\\u1EDF\\u1EE3\\u1ECD\\u1ED9\\u01EB\\u01ED\\u00F8\\u01FF\\u0254\\uA74B\\uA74D\\u0275]","oi":"[\\u01A3]","ou":"[\\u0223]","oo":"[\\uA74F]","p":"[\\u0070\\u24DF\\uFF50\\u1E55\\u1E57\\u01A5\\u1D7D\\uA751\\uA753\\uA755]","q":"[\\u0071\\u24E0\\uFF51\\u024B\\uA757\\uA759]","r":"[\\u0072\\u24E1\\uFF52\\u0155\\u1E59\\u0159\\u0211\\u0213\\u1E5B\\u1E5D\\u0157\\u1E5F\\u024D\\u027D\\uA75B\\uA7A7\\uA783]","s":"[\\u0073\\u24E2\\uFF53\\u015B\\u1E65\\u015D\\u1E61\\u0161\\u1E67\\u1E63\\u1E69\\u0219\\u015F\\u023F\\uA7A9\\uA785\\u1E9B]","ss":"[\\u00DF]","t":"[\\u0074\\u24E3\\uFF54\\u1E6B\\u1E97\\u0165\\u1E6D\\u021B\\u0163\\u1E71\\u1E6F\\u0167\\u01AD\\u0288\\u2C66\\uA787]","tz":"[\\uA729]","u":"[\\u0075\\u24E4\\uFF55\\u00F9\\u00FA\\u00FB\\u0169\\u1E79\\u016B\\u1E7B\\u016D\\u00FC\\u01DC\\u01D8\\u01D6\\u01DA\\u1EE7\\u016F\\u0171\\u01D4\\u0215\\u0217\\u01B0\\u1EEB\\u1EE9\\u1EEF\\u1EED\\u1EF1\\u1EE5\\u1E73\\u0173\\u1E77\\u1E75\\u0289]","v":"[\\u0076\\u24E5\\uFF56\\u1E7D\\u1E7F\\u028B\\uA75F\\u028C]","vy":"[\\uA761]","w":"[\\u0077\\u24E6\\uFF57\\u1E81\\u1E83\\u0175\\u1E87\\u1E85\\u1E98\\u1E89\\u2C73]","x":"[\\u0078\\u24E7\\uFF58\\u1E8B\\u1E8D]","y":"[\\u0079\\u24E8\\uFF59\\u1EF3\\u00FD\\u0177\\u1EF9\\u0233\\u1E8F\\u00FF\\u1EF7\\u1E99\\u1EF5\\u01B4\\u024F\\u1EFF]","z":"[\\u007A\\u24E9\\uFF5A\\u017A\\u1E91\\u017C\\u017E\\u1E93\\u1E95\\u01B6\\u0225\\u0240\\u2C6C\\uA763]"},"researchesTests":["contentHasTOC","contentHasShortParagraphs","contentHasAssets","keywordInTitle","keywordInMetaDescription","keywordInPermalink","keywordIn10Percent","keywordInContent","keywordInSubheadings","keywordInImageAlt","keywordDensity","keywordNotUsed","lengthContent","lengthPermalink","linksHasInternal","linksHasExternals","linksNotAllExternals","titleStartWithKeyword","titleSentiment","titleHasPowerWords","titleHasNumber","hasContentAI"],"hasRedirection":true,"hasBreadcrumb":false},"homeUrl":"https:\/\/sporthotel-semmering.at\/sk\/","objectID":6311,"objectType":"post","locale":"sk","localeFull":"sk_SK","overlayImages":{"play":{"name":"Play icon","url":"https:\/\/sporthotel-semmering.at\/wp-content\/plugins\/seo-by-rank-math\/assets\/admin\/img\/icon-play.png","path":"\/var\/www\/html\/wp-content\/plugins\/seo-by-rank-math\/assets\/admin\/img\/icon-play.png","position":"middle_center"},"gif":{"name":"GIF icon","url":"https:\/\/sporthotel-semmering.at\/wp-content\/plugins\/seo-by-rank-math\/assets\/admin\/img\/icon-gif.png","path":"\/var\/www\/html\/wp-content\/plugins\/seo-by-rank-math\/assets\/admin\/img\/icon-gif.png","position":"middle_center"}},"defautOgImage":"https:\/\/sporthotel-semmering.at\/wp-content\/uploads\/2024\/05\/social-media-01.jpg","customPermalinks":true,"isUserRegistered":false,"autoSuggestKeywords":false,"connectSiteUrl":"https:\/\/rankmath.com\/auth?site=https%3A%2F%2Fsporthotel-semmering.at%2Fsk%2F&r=https%3A%2F%2Fsporthotel-semmering.at%2Fsk%2Fwp-json%2Fwp%2Fv2%2Fpages%2F6311%3Fnonce%3Dcee5e5631a","maxTags":5,"trendsIcon":"<svg viewBox=\"0 0 610 610\"><path d=\"M18.85,446,174.32,290.48l58.08,58.08L76.93,504a14.54,14.54,0,0,1-20.55,0L18.83,466.48a14.54,14.54,0,0,1,0-20.55Z\" style=\"fill:#4285f4\"\/><path d=\"M242.65,242.66,377.59,377.6l-47.75,47.75a14.54,14.54,0,0,1-20.55,0L174.37,290.43l47.75-47.75A14.52,14.52,0,0,1,242.65,242.66Z\" style=\"fill:#ea4335\"\/><polygon points=\"319.53 319.53 479.26 159.8 537.34 217.88 377.61 377.62 319.53 319.53\" style=\"fill:#fabb05\"\/><path d=\"M594.26,262.73V118.61h0a16.94,16.94,0,0,0-16.94-16.94H433.2a16.94,16.94,0,0,0-12,28.92L565.34,274.71h0a16.94,16.94,0,0,0,28.92-12Z\" style=\"fill:#34a853\"\/><rect width=\"610\" height=\"610\" style=\"fill:none\"\/><\/svg>","showScore":true,"siteFavIcon":"data:image\/png;base64,iVBORw0KGgoAAAANSUhEUgAAABAAAAAQCAYAAAAf8\/9hAAABs0lEQVR4AWL4\/\/8\/RRjO8Iucx+noO0MWUDo16FYABMGP6ZfUcRnWtm27jVPbtm3bttuH2t3eFPcY9pLz7NxiLjCyVd87pKnHyqXyxtCs8APd0rnyxiu4qSeA3QEDrAwBDrT1s1Rc\/OrjLZwqVmOSu6+Lamcpp2KKMA9PH1BYXMe1mUP5qotvXTywsOEEYHXxrY+3cqk6TMkYpNr2FeoY3KIr0RPtn9wQ2unlA+GMkRw6+9TFw4YTwDUzx\/JVvARj9KaedXRO8P5B1Du2S32smzqUrcKGEyA+uAgQjKX7zf0boWHGfn71jIKj2689gxp7OAGShNcBUmLMPVjZuiKcA2vuWHHDCQxMCz629kXAIU4ApY15QwggAFbfOP9DhgBJ+nWVJ1AZAfICAj1pAlY6hCADZnveQf7bQIwzVONGJonhLIlS9gr5mFg44Xd+4S3XHoGNPdJl1INIwKyEgHckEhgTe1bGiFY9GSFBYUwLh1IkiJUbY407E7syBSFxKTszEoiE\/YdrgCEayDmtaJwCI9uu8TKMuZSVfSa4BpGgzvomBR\/INhLGzrqDotp01ZR8pn\/1L0JN9d9XNyx0AAAAAElFTkSuQmCC","canUser":{"general":false,"advanced":false,"snippet":false,"social":false,"analysis":false,"analytics":false,"content_ai":false},"showKeywordIntent":true,"isPro":false,"is_front_page":false,"trendsUpgradeLink":"https:\/\/rankmath.com\/pricing\/?utm_source=Plugin&utm_medium=CE%20General%20Tab%20Trends&utm_campaign=WP","trendsUpgradeLabel":"Upgrade","trendsPreviewImage":"https:\/\/sporthotel-semmering.at\/wp-content\/plugins\/seo-by-rank-math\/assets\/admin\/img\/trends-preview.jpg","currentEditor":false,"homepageData":{"assessor":{"powerWords":[],"diacritics":true,"researchesTests":["contentHasTOC","contentHasShortParagraphs","contentHasAssets","keywordInTitle","keywordInMetaDescription","keywordInPermalink","keywordIn10Percent","keywordInContent","keywordInSubheadings","keywordInImageAlt","keywordDensity","keywordNotUsed","lengthContent","lengthPermalink","linksHasInternal","linksHasExternals","linksNotAllExternals","titleStartWithKeyword","titleSentiment","titleHasPowerWords","titleHasNumber","hasContentAI"],"hasBreadcrumb":false,"serpData":{"title":"%sitename% %page% %sep% %sitedesc%","description":"","titleTemplate":"%sitename% %page% %sep% %sitedesc%","descriptionTemplate":"","focusKeywords":"","breadcrumbTitle":"Home","robots":{"index":true},"advancedRobots":{"max-snippet":"-1","max-video-preview":"-1","max-image-preview":"large"},"facebookTitle":"","facebookDescription":"","facebookImage":"","facebookImageID":""}}},"tocTitle":"Table of Contents","tocExcludeHeadings":[],"listStyle":"ul"},"_links":{"self":[{"href":"https:\/\/sporthotel-semmering.at\/sk\/wp-json\/wp\/v2\/pages\/6311","targetHints":{"allow":["GET"]}}],"collection":[{"href":"https:\/\/sporthotel-semmering.at\/sk\/wp-json\/wp\/v2\/pages"}],"about":[{"href":"https:\/\/sporthotel-semmering.at\/sk\/wp-json\/wp\/v2\/types\/page"}],"author":[{"embeddable":true,"href":"https:\/\/sporthotel-semmering.at\/sk\/wp-json\/wp\/v2\/users\/1"}],"replies":[{"embeddable":true,"href":"https:\/\/sporthotel-semmering.at\/sk\/wp-json\/wp\/v2\/comments?post=6311"}],"version-history":[{"count":5,"href":"https:\/\/sporthotel-semmering.at\/sk\/wp-json\/wp\/v2\/pages\/6311\/revisions"}],"predecessor-version":[{"id":7565,"href":"https:\/\/sporthotel-semmering.at\/sk\/wp-json\/wp\/v2\/pages\/6311\/revisions\/7565"}],"wp:attachment":[{"href":"https:\/\/sporthotel-semmering.at\/sk\/wp-json\/wp\/v2\/media?parent=6311"}],"curies":[{"name":"wp","href":"https:\/\/api.w.org\/{rel}","templated":true}]}}