{"id":6002,"date":"2024-05-08T16:07:22","date_gmt":"2024-05-08T14:07:22","guid":{"rendered":"https:\/\/sporthotel-semmering.at\/amprenta\/"},"modified":"2025-01-13T11:48:00","modified_gmt":"2025-01-13T10:48:00","slug":"amprenta","status":"publish","type":"page","link":"https:\/\/sporthotel-semmering.at\/ro\/amprenta\/","title":{"rendered":"IMPRINTARE"},"content":{"rendered":"<div class=\"fusion-fullwidth fullwidth-box fusion-builder-row-1 fusion-flex-container has-pattern-background has-mask-background nonhundred-percent-fullwidth non-hundred-percent-height-scrolling\" style=\"--awb-border-radius-top-left:0px;--awb-border-radius-top-right:0px;--awb-border-radius-bottom-right:0px;--awb-border-radius-bottom-left:0px;--awb-margin-top:40px;--awb-margin-bottom:40px;--awb-flex-wrap:wrap;\" ><div class=\"fusion-builder-row fusion-row fusion-flex-align-items-flex-start fusion-flex-content-wrap\" style=\"max-width:1216.8px;margin-left: calc(-4% \/ 2 );margin-right: calc(-4% \/ 2 );\"><div class=\"fusion-layout-column fusion_builder_column fusion-builder-column-0 fusion_builder_column_1_1 1_1 fusion-flex-column\" style=\"--awb-bg-size:cover;--awb-width-large:100%;--awb-margin-top-large:0px;--awb-spacing-right-large:1.92%;--awb-margin-bottom-large:0px;--awb-spacing-left-large:1.92%;--awb-width-medium:100%;--awb-spacing-right-medium:1.92%;--awb-spacing-left-medium:1.92%;--awb-width-small:100%;--awb-spacing-right-small:1.92%;--awb-spacing-left-small:1.92%;\"><div class=\"fusion-column-wrapper fusion-flex-justify-content-flex-start fusion-content-layout-column\"><div class=\"fusion-text fusion-text-1\" style=\"--awb-content-alignment:justify;\"><p>Responsabil pentru con\u021binutul acestor pagini: Sporthotel am Semmering<\/p>\n<p>Numele companiei: Sporthotel am Semmering Betriebs GmbH Adresa: Carolusstra\u00dfe 10, nr: Carolusstra\u00dfe 10, 2680 Semmering<\/p>\n<p>Tel: <a class=\"tel\" href=\"tel:0043266486410\">+43 2664 86 41 0<\/a> Mail:<a href=\"mailto:office@sporthotel-semmering.at\">office@sporthotel-semmering.at<\/a> Website:<a href=\"http:\/\/www.sporthotel-semmering.at\">sporthotel-semmering.at<\/a><\/p>\n<p>Obiectul societ\u0103\u021bii: gestionarea unui hotel<\/p>\n<p>UID: ATU74968289 Num\u0103rul de \u00eenregistrare al societ\u0103\u021bii: FN 524377v Autoritatea conform ECG: Tribunalul districtual Neunkirchen Membru al:<br \/>WKN\u00d6 Reglement\u0103ri comerciale:<a href=\"https:\/\/www.wko.at\/service\/wirtschaftsrecht-gewerberecht\/gewerbeordnungsnovelle-2017.html\" target=\"_blank\" rel=\"noopener\">la WKN\u00d6<\/a> <\/p>\n<hr>\n<p><strong>Disclaimer<\/strong><\/p>\n<p><strong>1. con\u021binutul ofertei online<\/strong><\/p>\n<p>Autorul nu \u00ee\u0219i asum\u0103 nicio r\u0103spundere pentru actualitatea, corectitudinea, exhaustivitatea sau calitatea informa\u021biilor furnizate. Preten\u021biile de r\u0103spundere \u00eempotriva autorului cu privire la daune materiale sau imateriale cauzate de utilizarea sau neutilizarea informa\u021biilor furnizate sau de utilizarea de informa\u021bii incorecte sau incomplete sunt excluse \u00een mod fundamental, cu excep\u021bia cazului \u00een care exist\u0103 dovezi de inten\u021bie deliberat\u0103 sau neglijen\u021b\u0103 grav\u0103 din partea autorului. Toate ofertele pot fi modificate \u0219i nu sunt obligatorii. Autorul \u00ee\u0219i rezerv\u0103 \u00een mod expres dreptul de a modifica, completa sau \u0219terge p\u0103r\u021bi ale paginilor sau \u00eentreaga ofert\u0103 f\u0103r\u0103 notificare prealabil\u0103 sau de a \u00eenceta publicarea temporar sau definitiv.   <\/p>\n<p><strong>2. referin\u021be \u0219i linkuri<\/strong><\/p>\n<p>\u00cen cazul trimiterilor directe sau indirecte la site-uri web externe (&#8222;hyperlinkuri&#8221;) care se afl\u0103 \u00een afara ariei de responsabilitate a autorului, o obliga\u021bie de r\u0103spundere ar intra \u00een vigoare numai \u00een cazul \u00een care autorul are cuno\u0219tin\u021b\u0103 de con\u021binut \u0219i i-ar fi tehnic posibil \u0219i rezonabil s\u0103 \u00eempiedice utilizarea \u00een cazul unui con\u021binut ilegal.<\/p>\n<p>Prin prezenta, autorul declar\u0103 \u00een mod expres c\u0103, la momentul cre\u0103rii linkurilor, nu era recunoscut niciun con\u021binut ilegal pe paginile legate. Autorul nu are niciun fel de influen\u021b\u0103 asupra designului actual \u0219i viitor, asupra con\u021binutului sau asupra paternit\u0103\u021bii paginilor legate. Prin urmare, autorul se distan\u021beaz\u0103 \u00een mod expres de toate con\u021binuturile tuturor paginilor legate care au fost modificate dup\u0103 crearea leg\u0103turii. Aceast\u0103 declara\u021bie se aplic\u0103 tuturor linkurilor \u0219i referin\u021belor stabilite \u00een cadrul ofertei proprii de internet a autorului, precum \u0219i intr\u0103rilor externe \u00een c\u0103r\u021bi de oaspe\u021bi, forumuri de discu\u021bii, directoare de linkuri, liste de coresponden\u021b\u0103 \u0219i toate celelalte forme de baze de date \u00eenfiin\u021bate de autor, la al c\u0103ror con\u021binut este posibil accesul scris extern. R\u0103spunderea pentru con\u021binutul ilegal, incorect sau incomplet \u0219i, \u00een special, pentru daunele care rezult\u0103 din utilizarea sau neutilizarea unor astfel de informa\u021bii revine exclusiv furnizorului paginii la care se face trimitere, \u0219i nu persoanei care doar face trimitere la publica\u021bia respectiv\u0103 prin intermediul link-urilor.    <\/p>\n<p><strong>3. dreptul de autor \u0219i legisla\u021bia privind etichetarea<\/strong><\/p>\n<p>Autorul se str\u0103duie\u0219te s\u0103 respecte drepturile de autor ale imaginilor, graficelor, documentelor sonore, secven\u021belor video \u0219i textelor utilizate \u00een toate publica\u021biile, s\u0103 utilizeze imagini, grafice, documente sonore, secven\u021be video \u0219i texte create de el \u00eensu\u0219i sau s\u0103 utilizeze grafice, documente sonore, secven\u021be video \u0219i texte f\u0103r\u0103 licen\u021b\u0103.<\/p>\n<p>Toate numele de marc\u0103 \u0219i m\u0103rcile comerciale men\u021bionate pe site \u0219i eventual protejate de ter\u021be p\u0103r\u021bi sunt supuse f\u0103r\u0103 restric\u021bii dispozi\u021biilor legisla\u021biei aplicabile privind m\u0103rcile comerciale \u0219i drepturilor de proprietate ale proprietarilor \u00eenregistra\u021bi respectivi. Simpla men\u021bionare a unei m\u0103rci comerciale nu implic\u0103 faptul c\u0103 aceasta nu este protejat\u0103 de drepturi ale ter\u021bilor! <\/p>\n<p>Drepturile de autor pentru obiectele publicate, create de autorul \u00eensu\u0219i, r\u0103m\u00e2n exclusiv ale autorului paginilor. Orice duplicare sau utilizare a obiectelor precum diagrame, sunete sau texte \u00een alte publica\u021bii electronice sau tip\u0103rite nu este permis\u0103 f\u0103r\u0103 acordul autorului. \u00cen cazul \u00een care anumite elemente ale paginii mele de internet \u00eencalc\u0103 drepturile de autor sau ofenseaz\u0103 o persoan\u0103, v\u0103 rog s\u0103 m\u0103 notifica\u021bi imediat, astfel \u00eenc\u00e2t elementul \u00een cauz\u0103 s\u0103 poat\u0103 fi eliminat. Orice persoan\u0103 care ia m\u0103suri legale f\u0103r\u0103 notificare ac\u021bioneaz\u0103 ilegal \u00eempotriva mea (abuz de drept).   <\/p>\n<p><strong>4. protec\u021bia datelor<\/strong><\/p>\n<p>\u00cen cazul \u00een care se ofer\u0103 posibilitatea introducerii de date personale sau comerciale (adrese de e-mail, nume, adrese), introducerea acestor date are loc \u00een mod voluntar. Utilizarea \u0219i plata tuturor serviciilor oferite este permis\u0103 &#8211; \u00een m\u0103sura \u00een care este posibil din punct de vedere tehnic \u0219i rezonabil &#8211; \u0219i f\u0103r\u0103 furnizarea acestor date sau prin furnizarea de date anonime sau a unui pseudonim. Nu este permis\u0103 utilizarea de c\u0103tre ter\u021bi a datelor de contact, cum ar fi adresele po\u0219tale, numerele de telefon \u0219i de fax \u0219i adresele de e-mail publicate \u00een avizul juridic sau informa\u021bii comparabile, \u00een scopul trimiterii de informa\u021bii care nu au fost solicitate \u00een mod expres. Ne rezerv\u0103m \u00een mod expres dreptul de a lua m\u0103suri legale \u00eempotriva expeditorilor de a\u0219a-numite mesaje spam \u00een cazul \u00eenc\u0103lc\u0103rii acestei interdic\u021bii.   <\/p>\n<p><strong>5 Valabilitatea juridic\u0103 a prezentei clauze de exonerare de r\u0103spundere<\/strong><\/p>\n<p>Aceast\u0103 clauz\u0103 de exonerare de r\u0103spundere trebuie considerat\u0103 ca f\u0103c\u00e2nd parte din publica\u021bia de internet de la care a\u021bi fost redirec\u021bionat. \u00cen cazul \u00een care sec\u021biuni sau termeni individuali din aceast\u0103 declara\u021bie nu sunt legali sau corec\u021bi, con\u021binutul sau validitatea celorlalte p\u0103r\u021bi nu sunt influen\u021bate de acest fapt. <\/p>\n<p><strong>Solu\u021bionarea litigiilor \u00een cadrul UE:<\/strong><\/p>\n<p>Informa\u021bii privind solu\u021bionarea online a litigiilor: Consumatorii au posibilitatea de a depune reclama\u021bii la platforma UE de solu\u021bionare online a litigiilor: <a href=\"https:\/\/ec.europa.eu\/consumers\/odr\/main\/index.cfm?event=main.home2.show&amp;lng=DE\" target=\"_blank\" rel=\"noopener\">https:\/\/ec.europa.eu\/consumers\/odr\/main\/index.cfm?event=main.home2.show&amp;lng=DE.<\/a> De asemenea, pute\u021bi trimite orice pl\u00e2ngere la adresa de e-mail indicat\u0103 mai sus. <\/p>\n<\/div><\/div><\/div><\/div><\/div>\n","protected":false},"excerpt":{"rendered":"","protected":false},"author":1,"featured_media":0,"parent":0,"menu_order":0,"comment_status":"closed","ping_status":"closed","template":"","meta":{"footnotes":""},"class_list":["post-6002","page","type-page","status-publish","hentry"],"rankMath":{"parentDomain":"sporthotel-semmering.at","noFollowDomains":[],"noFollowExcludeDomains":[],"noFollowExternalLinks":0,"featuredImageNotice":"The featured image should be at least 200 by 200 pixels to be picked up by Facebook and other social media sites.","pluginReviewed":false,"postSettings":{"linkSuggestions":true,"useFocusKeyword":false},"frontEndScore":false,"postName":"amprenta","permalinkFormat":"https:\/\/sporthotel-semmering.at\/ro\/%pagename%\/","showLockModifiedDate":true,"assessor":{"focusKeywordLink":"https:\/\/sporthotel-semmering.at\/wp-admin\/edit.php?focus_keyword=%focus_keyword%&post_type=%post_type%","hasTOCPlugin":false,"primaryTaxonomy":false,"serpData":{"title":"Imprint | Sporthotel am Semmering","description":"Aici ve\u021bi g\u0103si amprenta Sporthotel am Semmering. Dac\u0103 ave\u021bi \u00eentreb\u0103ri, v\u0103 rug\u0103m s\u0103 nu ezita\u021bi s\u0103 ne contacta\u021bi telefonic sau \u00een scris. ","focusKeywords":"","pillarContent":false,"canonicalUrl":"","breadcrumbTitle":"","advancedRobots":{"max-snippet":"-1","max-video-preview":"-1","max-image-preview":"large"},"facebookTitle":"","facebookDescription":"","facebookImage":"","facebookImageID":"","facebookHasOverlay":false,"facebookImageOverlay":"","facebookAuthor":"","twitterCardType":"","twitterUseFacebook":true,"twitterTitle":"","twitterDescription":"","twitterImage":"","twitterImageID":"","twitterHasOverlay":false,"twitterImageOverlay":"","twitterPlayerUrl":"","twitterPlayerSize":"","twitterPlayerStream":"","twitterPlayerStreamCtype":"","twitterAppDescription":"","twitterAppIphoneName":"","twitterAppIphoneID":"","twitterAppIphoneUrl":"","twitterAppIpadName":"","twitterAppIpadID":"","twitterAppIpadUrl":"","twitterAppGoogleplayName":"","twitterAppGoogleplayID":"","twitterAppGoogleplayUrl":"","twitterAppCountry":"","robots":{"index":true},"twitterAuthor":"username","primaryTerm":0,"authorName":"admin","titleTemplate":"%title% %sep% %sitename%","descriptionTemplate":"%excerpt%","showScoreFrontend":true,"lockModifiedDate":false},"powerWords":[],"diacritics":{"A":"[\\u0041\\u24B6\\uFF21\\u00C0\\u00C1\\u00C2\\u1EA6\\u1EA4\\u1EAA\\u1EA8\\u00C3\\u0100\\u0102\\u1EB0\\u1EAE\\u1EB4\\u1EB2\\u0226\\u01E0\\u00C4\\u01DE\\u1EA2\\u00C5\\u01FA\\u01CD\\u0200\\u0202\\u1EA0\\u1EAC\\u1EB6\\u1E00\\u0104\\u023A\\u2C6F]","AA":"[\\uA732]","AE":"[\\u00C6\\u01FC\\u01E2]","AO":"[\\uA734]","AU":"[\\uA736]","AV":"[\\uA738\\uA73A]","AY":"[\\uA73C]","B":"[\\u0042\\u24B7\\uFF22\\u1E02\\u1E04\\u1E06\\u0243\\u0182\\u0181]","C":"[\\u0043\\u24B8\\uFF23\\u0106\\u0108\\u010A\\u010C\\u00C7\\u1E08\\u0187\\u023B\\uA73E]","D":"[\\u0044\\u24B9\\uFF24\\u1E0A\\u010E\\u1E0C\\u1E10\\u1E12\\u1E0E\\u0110\\u018B\\u018A\\u0189\\uA779]","DZ":"[\\u01F1\\u01C4]","Dz":"[\\u01F2\\u01C5]","E":"[\\u0045\\u24BA\\uFF25\\u00C8\\u00C9\\u00CA\\u1EC0\\u1EBE\\u1EC4\\u1EC2\\u1EBC\\u0112\\u1E14\\u1E16\\u0114\\u0116\\u00CB\\u1EBA\\u011A\\u0204\\u0206\\u1EB8\\u1EC6\\u0228\\u1E1C\\u0118\\u1E18\\u1E1A\\u0190\\u018E]","F":"[\\u0046\\u24BB\\uFF26\\u1E1E\\u0191\\uA77B]","G":"[\\u0047\\u24BC\\uFF27\\u01F4\\u011C\\u1E20\\u011E\\u0120\\u01E6\\u0122\\u01E4\\u0193\\uA7A0\\uA77D\\uA77E]","H":"[\\u0048\\u24BD\\uFF28\\u0124\\u1E22\\u1E26\\u021E\\u1E24\\u1E28\\u1E2A\\u0126\\u2C67\\u2C75\\uA78D]","I":"[\\u0049\\u24BE\\uFF29\\u00CC\\u00CD\\u00CE\\u0128\\u012A\\u012C\\u0130\\u00CF\\u1E2E\\u1EC8\\u01CF\\u0208\\u020A\\u1ECA\\u012E\\u1E2C\\u0197]","J":"[\\u004A\\u24BF\\uFF2A\\u0134\\u0248]","K":"[\\u004B\\u24C0\\uFF2B\\u1E30\\u01E8\\u1E32\\u0136\\u1E34\\u0198\\u2C69\\uA740\\uA742\\uA744\\uA7A2]","L":"[\\u004C\\u24C1\\uFF2C\\u013F\\u0139\\u013D\\u1E36\\u1E38\\u013B\\u1E3C\\u1E3A\\u0141\\u023D\\u2C62\\u2C60\\uA748\\uA746\\uA780]","LJ":"[\\u01C7]","Lj":"[\\u01C8]","M":"[\\u004D\\u24C2\\uFF2D\\u1E3E\\u1E40\\u1E42\\u2C6E\\u019C]","N":"[\\u004E\\u24C3\\uFF2E\\u01F8\\u0143\\u00D1\\u1E44\\u0147\\u1E46\\u0145\\u1E4A\\u1E48\\u0220\\u019D\\uA790\\uA7A4]","NJ":"[\\u01CA]","Nj":"[\\u01CB]","O":"[\\u004F\\u24C4\\uFF2F\\u00D2\\u00D3\\u00D4\\u1ED2\\u1ED0\\u1ED6\\u1ED4\\u00D5\\u1E4C\\u022C\\u1E4E\\u014C\\u1E50\\u1E52\\u014E\\u022E\\u0230\\u00D6\\u022A\\u1ECE\\u0150\\u01D1\\u020C\\u020E\\u01A0\\u1EDC\\u1EDA\\u1EE0\\u1EDE\\u1EE2\\u1ECC\\u1ED8\\u01EA\\u01EC\\u00D8\\u01FE\\u0186\\u019F\\uA74A\\uA74C]","OI":"[\\u01A2]","OO":"[\\uA74E]","OU":"[\\u0222]","P":"[\\u0050\\u24C5\\uFF30\\u1E54\\u1E56\\u01A4\\u2C63\\uA750\\uA752\\uA754]","Q":"[\\u0051\\u24C6\\uFF31\\uA756\\uA758\\u024A]","R":"[\\u0052\\u24C7\\uFF32\\u0154\\u1E58\\u0158\\u0210\\u0212\\u1E5A\\u1E5C\\u0156\\u1E5E\\u024C\\u2C64\\uA75A\\uA7A6\\uA782]","S":"[\\u0053\\u24C8\\uFF33\\u1E9E\\u015A\\u1E64\\u015C\\u1E60\\u0160\\u1E66\\u1E62\\u1E68\\u0218\\u015E\\u2C7E\\uA7A8\\uA784]","T":"[\\u0054\\u24C9\\uFF34\\u1E6A\\u0164\\u1E6C\\u021A\\u0162\\u1E70\\u1E6E\\u0166\\u01AC\\u01AE\\u023E\\uA786]","TZ":"[\\uA728]","U":"[\\u0055\\u24CA\\uFF35\\u00D9\\u00DA\\u00DB\\u0168\\u1E78\\u016A\\u1E7A\\u016C\\u00DC\\u01DB\\u01D7\\u01D5\\u01D9\\u1EE6\\u016E\\u0170\\u01D3\\u0214\\u0216\\u01AF\\u1EEA\\u1EE8\\u1EEE\\u1EEC\\u1EF0\\u1EE4\\u1E72\\u0172\\u1E76\\u1E74\\u0244]","V":"[\\u0056\\u24CB\\uFF36\\u1E7C\\u1E7E\\u01B2\\uA75E\\u0245]","VY":"[\\uA760]","W":"[\\u0057\\u24CC\\uFF37\\u1E80\\u1E82\\u0174\\u1E86\\u1E84\\u1E88\\u2C72]","X":"[\\u0058\\u24CD\\uFF38\\u1E8A\\u1E8C]","Y":"[\\u0059\\u24CE\\uFF39\\u1EF2\\u00DD\\u0176\\u1EF8\\u0232\\u1E8E\\u0178\\u1EF6\\u1EF4\\u01B3\\u024E\\u1EFE]","Z":"[\\u005A\\u24CF\\uFF3A\\u0179\\u1E90\\u017B\\u017D\\u1E92\\u1E94\\u01B5\\u0224\\u2C7F\\u2C6B\\uA762]","a":"[\\u0061\\u24D0\\uFF41\\u1E9A\\u00E0\\u00E1\\u00E2\\u1EA7\\u1EA5\\u1EAB\\u1EA9\\u00E3\\u0101\\u0103\\u1EB1\\u1EAF\\u1EB5\\u1EB3\\u0227\\u01E1\\u00E4\\u01DF\\u1EA3\\u00E5\\u01FB\\u01CE\\u0201\\u0203\\u1EA1\\u1EAD\\u1EB7\\u1E01\\u0105\\u2C65\\u0250]","aa":"[\\uA733]","ae":"[\\u00E6\\u01FD\\u01E3]","ao":"[\\uA735]","au":"[\\uA737]","av":"[\\uA739\\uA73B]","ay":"[\\uA73D]","b":"[\\u0062\\u24D1\\uFF42\\u1E03\\u1E05\\u1E07\\u0180\\u0183\\u0253]","c":"[\\u0063\\u24D2\\uFF43\\u0107\\u0109\\u010B\\u010D\\u00E7\\u1E09\\u0188\\u023C\\uA73F\\u2184]","d":"[\\u0064\\u24D3\\uFF44\\u1E0B\\u010F\\u1E0D\\u1E11\\u1E13\\u1E0F\\u0111\\u018C\\u0256\\u0257\\uA77A]","dz":"[\\u01F3\\u01C6]","e":"[\\u0065\\u24D4\\uFF45\\u00E8\\u00E9\\u00EA\\u1EC1\\u1EBF\\u1EC5\\u1EC3\\u1EBD\\u0113\\u1E15\\u1E17\\u0115\\u0117\\u00EB\\u1EBB\\u011B\\u0205\\u0207\\u1EB9\\u1EC7\\u0229\\u1E1D\\u0119\\u1E19\\u1E1B\\u0247\\u025B\\u01DD]","f":"[\\u0066\\u24D5\\uFF46\\u1E1F\\u0192\\uA77C]","g":"[\\u0067\\u24D6\\uFF47\\u01F5\\u011D\\u1E21\\u011F\\u0121\\u01E7\\u0123\\u01E5\\u0260\\uA7A1\\u1D79\\uA77F]","h":"[\\u0068\\u24D7\\uFF48\\u0125\\u1E23\\u1E27\\u021F\\u1E25\\u1E29\\u1E2B\\u1E96\\u0127\\u2C68\\u2C76\\u0265]","hv":"[\\u0195]","i":"[\\u0069\\u24D8\\uFF49\\u00EC\\u00ED\\u00EE\\u0129\\u012B\\u012D\\u00EF\\u1E2F\\u1EC9\\u01D0\\u0209\\u020B\\u1ECB\\u012F\\u1E2D\\u0268\\u0131]","j":"[\\u006A\\u24D9\\uFF4A\\u0135\\u01F0\\u0249]","k":"[\\u006B\\u24DA\\uFF4B\\u1E31\\u01E9\\u1E33\\u0137\\u1E35\\u0199\\u2C6A\\uA741\\uA743\\uA745\\uA7A3]","l":"[\\u006C\\u24DB\\uFF4C\\u0140\\u013A\\u013E\\u1E37\\u1E39\\u013C\\u1E3D\\u1E3B\\u017F\\u0142\\u019A\\u026B\\u2C61\\uA749\\uA781\\uA747]","lj":"[\\u01C9]","m":"[\\u006D\\u24DC\\uFF4D\\u1E3F\\u1E41\\u1E43\\u0271\\u026F]","n":"[\\u006E\\u24DD\\uFF4E\\u01F9\\u0144\\u00F1\\u1E45\\u0148\\u1E47\\u0146\\u1E4B\\u1E49\\u019E\\u0272\\u0149\\uA791\\uA7A5]","nj":"[\\u01CC]","o":"[\\u006F\\u24DE\\uFF4F\\u00F2\\u00F3\\u00F4\\u1ED3\\u1ED1\\u1ED7\\u1ED5\\u00F5\\u1E4D\\u022D\\u1E4F\\u014D\\u1E51\\u1E53\\u014F\\u022F\\u0231\\u00F6\\u022B\\u1ECF\\u0151\\u01D2\\u020D\\u020F\\u01A1\\u1EDD\\u1EDB\\u1EE1\\u1EDF\\u1EE3\\u1ECD\\u1ED9\\u01EB\\u01ED\\u00F8\\u01FF\\u0254\\uA74B\\uA74D\\u0275]","oi":"[\\u01A3]","ou":"[\\u0223]","oo":"[\\uA74F]","p":"[\\u0070\\u24DF\\uFF50\\u1E55\\u1E57\\u01A5\\u1D7D\\uA751\\uA753\\uA755]","q":"[\\u0071\\u24E0\\uFF51\\u024B\\uA757\\uA759]","r":"[\\u0072\\u24E1\\uFF52\\u0155\\u1E59\\u0159\\u0211\\u0213\\u1E5B\\u1E5D\\u0157\\u1E5F\\u024D\\u027D\\uA75B\\uA7A7\\uA783]","s":"[\\u0073\\u24E2\\uFF53\\u015B\\u1E65\\u015D\\u1E61\\u0161\\u1E67\\u1E63\\u1E69\\u0219\\u015F\\u023F\\uA7A9\\uA785\\u1E9B]","ss":"[\\u00DF]","t":"[\\u0074\\u24E3\\uFF54\\u1E6B\\u1E97\\u0165\\u1E6D\\u021B\\u0163\\u1E71\\u1E6F\\u0167\\u01AD\\u0288\\u2C66\\uA787]","tz":"[\\uA729]","u":"[\\u0075\\u24E4\\uFF55\\u00F9\\u00FA\\u00FB\\u0169\\u1E79\\u016B\\u1E7B\\u016D\\u00FC\\u01DC\\u01D8\\u01D6\\u01DA\\u1EE7\\u016F\\u0171\\u01D4\\u0215\\u0217\\u01B0\\u1EEB\\u1EE9\\u1EEF\\u1EED\\u1EF1\\u1EE5\\u1E73\\u0173\\u1E77\\u1E75\\u0289]","v":"[\\u0076\\u24E5\\uFF56\\u1E7D\\u1E7F\\u028B\\uA75F\\u028C]","vy":"[\\uA761]","w":"[\\u0077\\u24E6\\uFF57\\u1E81\\u1E83\\u0175\\u1E87\\u1E85\\u1E98\\u1E89\\u2C73]","x":"[\\u0078\\u24E7\\uFF58\\u1E8B\\u1E8D]","y":"[\\u0079\\u24E8\\uFF59\\u1EF3\\u00FD\\u0177\\u1EF9\\u0233\\u1E8F\\u00FF\\u1EF7\\u1E99\\u1EF5\\u01B4\\u024F\\u1EFF]","z":"[\\u007A\\u24E9\\uFF5A\\u017A\\u1E91\\u017C\\u017E\\u1E93\\u1E95\\u01B6\\u0225\\u0240\\u2C6C\\uA763]"},"researchesTests":["contentHasTOC","contentHasShortParagraphs","contentHasAssets","keywordInTitle","keywordInMetaDescription","keywordInPermalink","keywordIn10Percent","keywordInContent","keywordInSubheadings","keywordInImageAlt","keywordDensity","keywordNotUsed","lengthContent","lengthPermalink","linksHasInternal","linksHasExternals","linksNotAllExternals","titleStartWithKeyword","titleSentiment","titleHasPowerWords","titleHasNumber","hasContentAI"],"hasRedirection":true,"hasBreadcrumb":false},"homeUrl":"https:\/\/sporthotel-semmering.at\/ro\/","objectID":6002,"objectType":"post","locale":"ro","localeFull":"ro_RO","overlayImages":{"play":{"name":"Play icon","url":"https:\/\/sporthotel-semmering.at\/wp-content\/plugins\/seo-by-rank-math\/assets\/admin\/img\/icon-play.png","path":"\/var\/www\/html\/wp-content\/plugins\/seo-by-rank-math\/assets\/admin\/img\/icon-play.png","position":"middle_center"},"gif":{"name":"GIF icon","url":"https:\/\/sporthotel-semmering.at\/wp-content\/plugins\/seo-by-rank-math\/assets\/admin\/img\/icon-gif.png","path":"\/var\/www\/html\/wp-content\/plugins\/seo-by-rank-math\/assets\/admin\/img\/icon-gif.png","position":"middle_center"}},"defautOgImage":"https:\/\/sporthotel-semmering.at\/wp-content\/uploads\/2024\/05\/social-media-01.jpg","customPermalinks":true,"isUserRegistered":false,"autoSuggestKeywords":false,"connectSiteUrl":"https:\/\/rankmath.com\/auth?site=https%3A%2F%2Fsporthotel-semmering.at%2Fro%2F&r=https%3A%2F%2Fsporthotel-semmering.at%2Fro%2Fwp-json%2Fwp%2Fv2%2Fpages%2F6002%3Fnonce%3Da0de14434d","maxTags":5,"trendsIcon":"<svg viewBox=\"0 0 610 610\"><path d=\"M18.85,446,174.32,290.48l58.08,58.08L76.93,504a14.54,14.54,0,0,1-20.55,0L18.83,466.48a14.54,14.54,0,0,1,0-20.55Z\" style=\"fill:#4285f4\"\/><path d=\"M242.65,242.66,377.59,377.6l-47.75,47.75a14.54,14.54,0,0,1-20.55,0L174.37,290.43l47.75-47.75A14.52,14.52,0,0,1,242.65,242.66Z\" style=\"fill:#ea4335\"\/><polygon points=\"319.53 319.53 479.26 159.8 537.34 217.88 377.61 377.62 319.53 319.53\" style=\"fill:#fabb05\"\/><path d=\"M594.26,262.73V118.61h0a16.94,16.94,0,0,0-16.94-16.94H433.2a16.94,16.94,0,0,0-12,28.92L565.34,274.71h0a16.94,16.94,0,0,0,28.92-12Z\" style=\"fill:#34a853\"\/><rect width=\"610\" height=\"610\" style=\"fill:none\"\/><\/svg>","showScore":true,"siteFavIcon":"data:image\/png;base64,iVBORw0KGgoAAAANSUhEUgAAABAAAAAQCAYAAAAf8\/9hAAABs0lEQVR4AWL4\/\/8\/RRjO8Iucx+noO0MWUDo16FYABMGP6ZfUcRnWtm27jVPbtm3bttuH2t3eFPcY9pLz7NxiLjCyVd87pKnHyqXyxtCs8APd0rnyxiu4qSeA3QEDrAwBDrT1s1Rc\/OrjLZwqVmOSu6+Lamcpp2KKMA9PH1BYXMe1mUP5qotvXTywsOEEYHXxrY+3cqk6TMkYpNr2FeoY3KIr0RPtn9wQ2unlA+GMkRw6+9TFw4YTwDUzx\/JVvARj9KaedXRO8P5B1Du2S32smzqUrcKGEyA+uAgQjKX7zf0boWHGfn71jIKj2689gxp7OAGShNcBUmLMPVjZuiKcA2vuWHHDCQxMCz629kXAIU4ApY15QwggAFbfOP9DhgBJ+nWVJ1AZAfICAj1pAlY6hCADZnveQf7bQIwzVONGJonhLIlS9gr5mFg44Xd+4S3XHoGNPdJl1INIwKyEgHckEhgTe1bGiFY9GSFBYUwLh1IkiJUbY407E7syBSFxKTszEoiE\/YdrgCEayDmtaJwCI9uu8TKMuZSVfSa4BpGgzvomBR\/INhLGzrqDotp01ZR8pn\/1L0JN9d9XNyx0AAAAAElFTkSuQmCC","canUser":{"general":false,"advanced":false,"snippet":false,"social":false,"analysis":false,"analytics":false,"content_ai":false},"showKeywordIntent":true,"isPro":false,"is_front_page":false,"trendsUpgradeLink":"https:\/\/rankmath.com\/pricing\/?utm_source=Plugin&utm_medium=CE%20General%20Tab%20Trends&utm_campaign=WP","trendsUpgradeLabel":"Upgrade","trendsPreviewImage":"https:\/\/sporthotel-semmering.at\/wp-content\/plugins\/seo-by-rank-math\/assets\/admin\/img\/trends-preview.jpg","currentEditor":false,"homepageData":{"assessor":{"powerWords":[],"diacritics":true,"researchesTests":["contentHasTOC","contentHasShortParagraphs","contentHasAssets","keywordInTitle","keywordInMetaDescription","keywordInPermalink","keywordIn10Percent","keywordInContent","keywordInSubheadings","keywordInImageAlt","keywordDensity","keywordNotUsed","lengthContent","lengthPermalink","linksHasInternal","linksHasExternals","linksNotAllExternals","titleStartWithKeyword","titleSentiment","titleHasPowerWords","titleHasNumber","hasContentAI"],"hasBreadcrumb":false,"serpData":{"title":"%sitename% %page% %sep% %sitedesc%","description":"","titleTemplate":"%sitename% %page% %sep% %sitedesc%","descriptionTemplate":"","focusKeywords":"","breadcrumbTitle":"Home","robots":{"index":true},"advancedRobots":{"max-snippet":"-1","max-video-preview":"-1","max-image-preview":"large"},"facebookTitle":"","facebookDescription":"","facebookImage":"","facebookImageID":""}}},"tocTitle":"Table of Contents","tocExcludeHeadings":[],"listStyle":"ul"},"_links":{"self":[{"href":"https:\/\/sporthotel-semmering.at\/ro\/wp-json\/wp\/v2\/pages\/6002","targetHints":{"allow":["GET"]}}],"collection":[{"href":"https:\/\/sporthotel-semmering.at\/ro\/wp-json\/wp\/v2\/pages"}],"about":[{"href":"https:\/\/sporthotel-semmering.at\/ro\/wp-json\/wp\/v2\/types\/page"}],"author":[{"embeddable":true,"href":"https:\/\/sporthotel-semmering.at\/ro\/wp-json\/wp\/v2\/users\/1"}],"replies":[{"embeddable":true,"href":"https:\/\/sporthotel-semmering.at\/ro\/wp-json\/wp\/v2\/comments?post=6002"}],"version-history":[{"count":4,"href":"https:\/\/sporthotel-semmering.at\/ro\/wp-json\/wp\/v2\/pages\/6002\/revisions"}],"predecessor-version":[{"id":7099,"href":"https:\/\/sporthotel-semmering.at\/ro\/wp-json\/wp\/v2\/pages\/6002\/revisions\/7099"}],"wp:attachment":[{"href":"https:\/\/sporthotel-semmering.at\/ro\/wp-json\/wp\/v2\/media?parent=6002"}],"curies":[{"name":"wp","href":"https:\/\/api.w.org\/{rel}","templated":true}]}}